{"id":2342,"date":"2016-02-29T13:42:02","date_gmt":"2016-02-29T12:42:02","guid":{"rendered":"http:\/\/preview.ait-themes.club\/theme\/farmworld\/?page_id=2342"},"modified":"2025-10-06T11:03:20","modified_gmt":"2025-10-06T09:03:20","slug":"realizace","status":"publish","type":"page","link":"https:\/\/vopp.cz\/?page_id=2342","title":{"rendered":"O n\u00e1s"},"content":{"rendered":"\n<p><strong>VOPP<\/strong>\u00a0<strong>s.r.o.<\/strong>\u00a0se od roku 2011 zab\u00fdv\u00e1 realizac\u00ed ucelen\u00fdch \u0159e\u0161en\u00ed mokr\u00fdch proces\u016f pro polovodi\u010dov\u00fd a sol\u00e1rn\u00ed pr\u016fmysl. Vyr\u00e1b\u00edme nov\u00e9 za\u0159\u00edzen\u00ed, kter\u00e9 realizujeme dle po\u017eadavk\u016f z\u00e1kazn\u00edka. V\u0161echna za\u0159\u00edzen\u00ed jsou vyrobena z kvalitn\u00edch materi\u00e1l\u016f v celoplastov\u00e9m proveden\u00ed s vysokou odolnost\u00ed v agresivn\u00edm prost\u0159ed\u00ed. Standardn\u011b vyr\u00e1b\u00edme z t\u011bchto materi\u00e1l\u016f:\u00a0<strong>PE, PP, FRPP, PVDF, PVC FM4910 \u2013 Takiron, CORZAN.<\/strong>\u00a0Rozvody chemik\u00e1lie, deionizovan\u00e9 vody, dus\u00edku jsou realizov\u00e1ny: filtry, ventily, fitinky, pr\u016ftokom\u011bry, atd. (sou\u010d\u00e1stmi), kter\u00e9 neobsahuj\u00ed \u017e\u00e1dn\u00e9 kovov\u00e9 sou\u010d\u00e1sti v sm\u00e1\u010den\u00e9 \u010d\u00e1sti povrchu. Ve\u0161ker\u00e9 materi\u00e1ly a komponenty jsou v proveden\u00ed\u00a0<strong>\u201ehigh purity\u201d.<\/strong><\/p>\n","protected":false},"excerpt":{"rendered":"<p>VOPP\u00a0s.r.o.\u00a0se od roku 2011 zab\u00fdv\u00e1 realizac\u00ed ucelen\u00fdch \u0159e\u0161en\u00ed mokr\u00fdch proces\u016f pro polovodi\u010dov\u00fd a sol\u00e1rn\u00ed pr\u016fmysl. Vyr\u00e1b\u00edme nov\u00e9 za\u0159\u00edzen\u00ed, kter\u00e9 realizujeme dle po\u017eadavk\u016f z\u00e1kazn\u00edka. V\u0161echna za\u0159\u00edzen\u00ed jsou vyrobena z kvalitn\u00edch materi\u00e1l\u016f v celoplastov\u00e9m proveden\u00ed s vysokou odolnost\u00ed v agresivn\u00edm prost\u0159ed\u00ed. Standardn\u011b vyr\u00e1b\u00edme z t\u011bchto materi\u00e1l\u016f:\u00a0PE, PP, FRPP, PVDF, PVC FM4910 \u2013 Takiron, CORZAN.\u00a0Rozvody chemik\u00e1lie, deionizovan\u00e9 vody, [&hellip;]<\/p>\n","protected":false},"author":1,"featured_media":0,"parent":0,"menu_order":0,"comment_status":"closed","ping_status":"closed","template":"","meta":{"footnotes":""},"class_list":["post-2342","page","type-page","status-publish","hentry"],"yoast_head":"<!-- This site is optimized with the Yoast SEO plugin v26.1.1 - https:\/\/yoast.com\/wordpress\/plugins\/seo\/ -->\n<title>O n\u00e1s - VOPP<\/title>\n<meta name=\"robots\" content=\"index, follow, max-snippet:-1, max-image-preview:large, max-video-preview:-1\" \/>\n<link rel=\"canonical\" href=\"https:\/\/vopp.cz\/?page_id=2342\" \/>\n<meta property=\"og:locale\" content=\"cs_CZ\" \/>\n<meta property=\"og:type\" content=\"article\" \/>\n<meta property=\"og:title\" content=\"O n\u00e1s - VOPP\" \/>\n<meta property=\"og:description\" content=\"VOPP\u00a0s.r.o.\u00a0se od roku 2011 zab\u00fdv\u00e1 realizac\u00ed ucelen\u00fdch \u0159e\u0161en\u00ed mokr\u00fdch proces\u016f pro polovodi\u010dov\u00fd a sol\u00e1rn\u00ed pr\u016fmysl. Vyr\u00e1b\u00edme nov\u00e9 za\u0159\u00edzen\u00ed, kter\u00e9 realizujeme dle po\u017eadavk\u016f z\u00e1kazn\u00edka. V\u0161echna za\u0159\u00edzen\u00ed jsou vyrobena z kvalitn\u00edch materi\u00e1l\u016f v celoplastov\u00e9m proveden\u00ed s vysokou odolnost\u00ed v agresivn\u00edm prost\u0159ed\u00ed. Standardn\u011b vyr\u00e1b\u00edme z t\u011bchto materi\u00e1l\u016f:\u00a0PE, PP, FRPP, PVDF, PVC FM4910 \u2013 Takiron, CORZAN.\u00a0Rozvody chemik\u00e1lie, deionizovan\u00e9 vody, [&hellip;]\" \/>\n<meta property=\"og:url\" content=\"https:\/\/vopp.cz\/?page_id=2342\" \/>\n<meta property=\"og:site_name\" content=\"VOPP\" \/>\n<meta property=\"article:modified_time\" content=\"2025-10-06T09:03:20+00:00\" \/>\n<meta name=\"twitter:card\" content=\"summary_large_image\" \/>\n<meta name=\"twitter:label1\" content=\"Odhadovan\u00e1 doba \u010dten\u00ed\" \/>\n\t<meta name=\"twitter:data1\" content=\"1 minuta\" \/>\n<script type=\"application\/ld+json\" class=\"yoast-schema-graph\">{\"@context\":\"https:\/\/schema.org\",\"@graph\":[{\"@type\":\"WebPage\",\"@id\":\"https:\/\/vopp.cz\/?page_id=2342\",\"url\":\"https:\/\/vopp.cz\/?page_id=2342\",\"name\":\"O n\u00e1s - VOPP\",\"isPartOf\":{\"@id\":\"https:\/\/vopp.cz\/#website\"},\"datePublished\":\"2016-02-29T12:42:02+00:00\",\"dateModified\":\"2025-10-06T09:03:20+00:00\",\"breadcrumb\":{\"@id\":\"https:\/\/vopp.cz\/?page_id=2342#breadcrumb\"},\"inLanguage\":\"cs\",\"potentialAction\":[{\"@type\":\"ReadAction\",\"target\":[\"https:\/\/vopp.cz\/?page_id=2342\"]}]},{\"@type\":\"BreadcrumbList\",\"@id\":\"https:\/\/vopp.cz\/?page_id=2342#breadcrumb\",\"itemListElement\":[{\"@type\":\"ListItem\",\"position\":1,\"name\":\"Dom\u016f\",\"item\":\"https:\/\/vopp.cz\/\"},{\"@type\":\"ListItem\",\"position\":2,\"name\":\"O n\u00e1s\"}]},{\"@type\":\"WebSite\",\"@id\":\"https:\/\/vopp.cz\/#website\",\"url\":\"https:\/\/vopp.cz\/\",\"name\":\"VOPP\",\"description\":\"Kontaktujte n\u00e1s na telefonu: +420 604 635 534\",\"publisher\":{\"@id\":\"https:\/\/vopp.cz\/#organization\"},\"potentialAction\":[{\"@type\":\"SearchAction\",\"target\":{\"@type\":\"EntryPoint\",\"urlTemplate\":\"https:\/\/vopp.cz\/?s={search_term_string}\"},\"query-input\":{\"@type\":\"PropertyValueSpecification\",\"valueRequired\":true,\"valueName\":\"search_term_string\"}}],\"inLanguage\":\"cs\"},{\"@type\":\"Organization\",\"@id\":\"https:\/\/vopp.cz\/#organization\",\"name\":\"VOPP\",\"url\":\"https:\/\/vopp.cz\/\",\"logo\":{\"@type\":\"ImageObject\",\"inLanguage\":\"cs\",\"@id\":\"https:\/\/vopp.cz\/#\/schema\/logo\/image\/\",\"url\":\"https:\/\/vopp.cz\/wp-content\/uploads\/logo-VOPP-300-bez-pozadi.png\",\"contentUrl\":\"https:\/\/vopp.cz\/wp-content\/uploads\/logo-VOPP-300-bez-pozadi.png\",\"width\":299,\"height\":145,\"caption\":\"VOPP\"},\"image\":{\"@id\":\"https:\/\/vopp.cz\/#\/schema\/logo\/image\/\"}}]}<\/script>\n<!-- \/ Yoast SEO plugin. -->","yoast_head_json":{"title":"O n\u00e1s - VOPP","robots":{"index":"index","follow":"follow","max-snippet":"max-snippet:-1","max-image-preview":"max-image-preview:large","max-video-preview":"max-video-preview:-1"},"canonical":"https:\/\/vopp.cz\/?page_id=2342","og_locale":"cs_CZ","og_type":"article","og_title":"O n\u00e1s - VOPP","og_description":"VOPP\u00a0s.r.o.\u00a0se od roku 2011 zab\u00fdv\u00e1 realizac\u00ed ucelen\u00fdch \u0159e\u0161en\u00ed mokr\u00fdch proces\u016f pro polovodi\u010dov\u00fd a sol\u00e1rn\u00ed pr\u016fmysl. Vyr\u00e1b\u00edme nov\u00e9 za\u0159\u00edzen\u00ed, kter\u00e9 realizujeme dle po\u017eadavk\u016f z\u00e1kazn\u00edka. V\u0161echna za\u0159\u00edzen\u00ed jsou vyrobena z kvalitn\u00edch materi\u00e1l\u016f v celoplastov\u00e9m proveden\u00ed s vysokou odolnost\u00ed v agresivn\u00edm prost\u0159ed\u00ed. Standardn\u011b vyr\u00e1b\u00edme z t\u011bchto materi\u00e1l\u016f:\u00a0PE, PP, FRPP, PVDF, PVC FM4910 \u2013 Takiron, CORZAN.\u00a0Rozvody chemik\u00e1lie, deionizovan\u00e9 vody, [&hellip;]","og_url":"https:\/\/vopp.cz\/?page_id=2342","og_site_name":"VOPP","article_modified_time":"2025-10-06T09:03:20+00:00","twitter_card":"summary_large_image","twitter_misc":{"Odhadovan\u00e1 doba \u010dten\u00ed":"1 minuta"},"schema":{"@context":"https:\/\/schema.org","@graph":[{"@type":"WebPage","@id":"https:\/\/vopp.cz\/?page_id=2342","url":"https:\/\/vopp.cz\/?page_id=2342","name":"O n\u00e1s - VOPP","isPartOf":{"@id":"https:\/\/vopp.cz\/#website"},"datePublished":"2016-02-29T12:42:02+00:00","dateModified":"2025-10-06T09:03:20+00:00","breadcrumb":{"@id":"https:\/\/vopp.cz\/?page_id=2342#breadcrumb"},"inLanguage":"cs","potentialAction":[{"@type":"ReadAction","target":["https:\/\/vopp.cz\/?page_id=2342"]}]},{"@type":"BreadcrumbList","@id":"https:\/\/vopp.cz\/?page_id=2342#breadcrumb","itemListElement":[{"@type":"ListItem","position":1,"name":"Dom\u016f","item":"https:\/\/vopp.cz\/"},{"@type":"ListItem","position":2,"name":"O n\u00e1s"}]},{"@type":"WebSite","@id":"https:\/\/vopp.cz\/#website","url":"https:\/\/vopp.cz\/","name":"VOPP","description":"Kontaktujte n\u00e1s na telefonu: +420 604 635 534","publisher":{"@id":"https:\/\/vopp.cz\/#organization"},"potentialAction":[{"@type":"SearchAction","target":{"@type":"EntryPoint","urlTemplate":"https:\/\/vopp.cz\/?s={search_term_string}"},"query-input":{"@type":"PropertyValueSpecification","valueRequired":true,"valueName":"search_term_string"}}],"inLanguage":"cs"},{"@type":"Organization","@id":"https:\/\/vopp.cz\/#organization","name":"VOPP","url":"https:\/\/vopp.cz\/","logo":{"@type":"ImageObject","inLanguage":"cs","@id":"https:\/\/vopp.cz\/#\/schema\/logo\/image\/","url":"https:\/\/vopp.cz\/wp-content\/uploads\/logo-VOPP-300-bez-pozadi.png","contentUrl":"https:\/\/vopp.cz\/wp-content\/uploads\/logo-VOPP-300-bez-pozadi.png","width":299,"height":145,"caption":"VOPP"},"image":{"@id":"https:\/\/vopp.cz\/#\/schema\/logo\/image\/"}}]}},"_links":{"self":[{"href":"https:\/\/vopp.cz\/index.php?rest_route=\/wp\/v2\/pages\/2342","targetHints":{"allow":["GET"]}}],"collection":[{"href":"https:\/\/vopp.cz\/index.php?rest_route=\/wp\/v2\/pages"}],"about":[{"href":"https:\/\/vopp.cz\/index.php?rest_route=\/wp\/v2\/types\/page"}],"author":[{"embeddable":true,"href":"https:\/\/vopp.cz\/index.php?rest_route=\/wp\/v2\/users\/1"}],"replies":[{"embeddable":true,"href":"https:\/\/vopp.cz\/index.php?rest_route=%2Fwp%2Fv2%2Fcomments&post=2342"}],"version-history":[{"count":8,"href":"https:\/\/vopp.cz\/index.php?rest_route=\/wp\/v2\/pages\/2342\/revisions"}],"predecessor-version":[{"id":2869,"href":"https:\/\/vopp.cz\/index.php?rest_route=\/wp\/v2\/pages\/2342\/revisions\/2869"}],"wp:attachment":[{"href":"https:\/\/vopp.cz\/index.php?rest_route=%2Fwp%2Fv2%2Fmedia&parent=2342"}],"curies":[{"name":"wp","href":"https:\/\/api.w.org\/{rel}","templated":true}]}}